{"id":98,"date":"2024-03-19T13:52:53","date_gmt":"2024-03-19T11:52:53","guid":{"rendered":"https:\/\/petrone.lt\/?page_id=98"},"modified":"2026-01-27T09:37:26","modified_gmt":"2026-01-27T07:37:26","slug":"apie-mane","status":"publish","type":"page","link":"https:\/\/petrone.lt\/en\/apie-mane\/","title":{"rendered":"Apie mane"},"content":{"rendered":"","protected":false},"excerpt":{"rendered":"","protected":false},"author":1,"featured_media":0,"parent":0,"menu_order":0,"comment_status":"closed","ping_status":"closed","template":"","meta":{"_acf_changed":false,"footnotes":""},"class_list":["post-98","page","type-page","status-publish","hentry"],"acf":[],"meta_box":{"pa_title_1":"","pa_title_2":"","ko_title":"","ko_subtitle":"","ko_image":false,"ti_title_1":"","ti_subtitle_1":"","ti_button_1_text":"","ti_button_1_link":"","ti_title_2":"","ti_subtitle_2":"","ti_title_3":"","ti_subtitle_3":"","ti_lede_3":"","ti_image_3_left":false,"ti_title_3_left":"","ti_lede_3_left":"","ti_button_3_text_left":"","ti_button_3_link_left":"","ti_image_3_right":false,"ti_title_3_right":"","ti_lede_3_right":"","ti_button_3_text":"","ti_button_3_link":"","ti_title_4":"","ti_subtitle_4":"","ti_link_4_text":"","ti_link_4_link":"","ap_text":"<h3><span style=\"font-weight: 400\">Esu psicholog\u0117 ir psichoterapeut\u0117, savo darb\u0105 prad\u0117jau 2014 metais. Konsultuoju klientus lietuvi\u0173 ir angl\u0173 kalbomis. Mano patirtis liudija, kad pokytis \u017emoguje prasideda nuo pa\u017einties su savimi tokiu, koks esi dabar. Savo darbe ypating\u0105 d\u0117mes\u012f skiriu tam, kad kiekvienas jaust\u0173si priimtas ir i\u0161girstas. Tad mano tikslas \u2013 sukurti saugi\u0105 ir palaikan\u010di\u0105 erdv\u0119, kurioje gal\u0117tum\u0117te laisvai tyrin\u0117ti savo jausmus, mintis ir elges\u012f.<\/span><\/h3>\n<p><span style=\"font-weight: 400\">Mano klientams psichoterapija padeda giliau pa\u017einti save, \u012fsis\u0105moninti ir priimti savo savybes ar patirtis, net ir tas, kurios d\u0117l \u012fvairi\u0173 prie\u017eas\u010di\u0173 buvo nustumtos, nepa\u017eintos, nesuradusios vietos. Sav\u0119s neigimas trukdo tapti vientisa, brand\u017eia asmenybe, o nesuvoktos patirtys linkusios gr\u012f\u017eti ir pasireik\u0161ti vis pasikartojan\u010diais sunkumais. Susitikim\u0173 metu pajusite, jog priimu Jus su visais jausmais ir visa \u012fgyta patirtimi. Atvirai bendraudami ir kurdami pasitik\u0117jim\u0105, pama\u017eu atrasite j\u0117g\u0173 bei noro priimti ir pamilti save tokius, kokie \u0161iuo metu esate. Sav\u0119s pri\u0117mimas leis autenti\u0161kiau kurti savo gyvenim\u0105, suteiks dr\u0105sos rinktis sau geriausius sprendimus ir pad\u0117s i\u0161tr\u016bkti i\u0161 pasikartojan\u010di\u0173 problem\u0173 rato.<\/span><\/p>\n<p><span style=\"font-weight: 400\">Mano praktikuojama sritis man labai artima, tod\u0117l nuolat tobulinu savo \u012fg\u016bd\u017eius seminaruose ir supervizijose. Esu psicholog\u0173 s\u0105jungos, Ge\u0161taltin\u0117s psichoterapijos asociacijos nar\u0117.<\/span><\/p>\n<p><span style=\"font-weight: 400\">Jei jau\u010diate, kad esate pasireng\u0119 prad\u0117ti \u0161i\u0105 sav\u0119s pa\u017einimo ir asmeninio augimo kelion\u0119, kvie\u010diu susisiekti ir aptarti, kaip gal\u0117\u010diau Jums pad\u0117ti.<\/span><\/p>\n<h4>Mano mokymuisi ir kvalifikacijai paskirtas laikas:<\/h4>\n<ul>\n<li><span style=\"font-weight: 400\">2011 metais baigiau psichologijos studijas Vilniaus Universitete;<\/span><\/li>\n<li><span style=\"font-weight: 400\">2023 metais ge\u0161taltin\u0117s psichoterapijos institute \u201eDialogas\u201c baigiau\u00a0 ge\u0161taltin\u0117s\u00a0 krypties psichoterapijos studijas;<\/span><\/li>\n<li><span style=\"font-weight: 400\">Iki 2025 met\u0173 pabaigos 450 valandas praleidau \u012fvairiuose mokymuose ir seminaruose, tobulindama \u012fgytas konpetencijas;<\/span><\/li>\n<li><span style=\"font-weight: 400\">Iki 2025 met\u0173 pabaigos 327 valandas skyriau supervizijoms, kurios \u017eenkliai prisideda prie profesinio tobul\u0117jimo;<\/span><\/li>\n<li><span style=\"font-weight: 400\">Iki 2025 met\u0173 pabaigos skyriau 324 valandas asmeniniai psichoterapijai;<\/span><\/li>\n<\/ul>\n<p><span style=\"font-weight: 400\">\u012evairios savanoryst\u0117s ir darbo patirtys man pad\u0117jo augti asmeni\u0161kai ir tobul\u0117ti savo profesin\u0117je veikloje. Savanoriavau arba dirbau \u0161iose organizacijose: V\u0161\u012e \u201eLietuvos Atgaja\u201c, V\u0161\u012e \u201eJaunimo linija\u201c, Europos savanori\u0161ka tarnyba Sakartvele, V\u0161\u012e \u201eKrizi\u0173 \u012fveikimo centras\u201c, Vilniaus arkivyskupijos \u201eCaritas\u201c.\u00a0<\/span><\/p>\n<h4><b>Seminarai, kuriuose pastaruoju metu dalyvavau:<\/b><\/h4>\n<ul>\n<li>2019 liepos 13 - 26 d.; 48th Annual European Summer Residential Gestalt Therapy Training Workshop. Ved. Rita Resnick, Ph.D., Robert Resnick, Ph.D. (JAV) ir kt.<\/li>\n<li><span style=\"font-weight: 400\">2020 bir\u017eelio 22 d. \u2013 liepos 1 d. Ge\u0161talto terapija su vaikais ir paaugliais: Violet Oaklander modelis. Ved. Lynn Stadler (JAV)<\/span><\/li>\n<li><span style=\"font-weight: 400\">2021 lapkri\u010dio 19-21 d. Integrating Personhood with Being A Professional in Psychoterapeutic Relationship. Ved. Liv Estrup (JAV)<\/span><\/li>\n<li><span style=\"font-weight: 400\">2023 baland\u017eio 21-23 d. Pradoxical Theory of Change in Clinical Practice. Ved. Liv Estrup (JAV).<\/span><\/li>\n<li>2024 gegu\u017e\u0117s 9-10 d. A Practice in Gestalt Therapy: Highlighting Organismic Self-regulation. Ved. Kristen R Myers ir Christina Cantwell (JAV).<\/li>\n<li>2024 gegu\u017e\u0117s 11-12 d. Eating disorders and relationship with food and body: a Gestalt perspective. Ved. Kristen R Myers ir Christina Cantwell (JAV).<\/li>\n<li>2024 gegu\u017e\u0117s 24-26 d. Creative Methods in Gestalt Therapy. Ved. Ana Mil\u010dic Horvat (Kroatija).<\/li>\n<li>2024 lapkri\u010dio 27 d. Training on Aggression. Ved. Jay Levin (JAV).<\/li>\n<li>2025 liepos 13 - 25 d. European Summer Residential Gestalt Therapy Training Program. Ved. Jay Levin (JAV); Zish Rosenbach-Ziembinski (Canada); Juraj Rektor (\u010cekija); Viktoras Keturakis (Lietuva).<\/li>\n<\/ul>\n","ap_image":{"width":150,"height":150,"file":"Justina-Petrone.jpg","filesize":70302,"sizes":{"medium":{"file":"Justina-Petrone-640x960.jpg","width":640,"height":960,"mime-type":"image\/jpeg","filesize":43533,"url":"https:\/\/petrone.lt\/wp-content\/uploads\/Justina-Petrone-640x960.jpg"},"thumbnail":{"file":"Justina-Petrone-150x150.jpg","width":150,"height":150,"mime-type":"image\/jpeg","filesize":20036,"url":"https:\/\/petrone.lt\/wp-content\/uploads\/Justina-Petrone-150x150.jpg"},"medium_large":{"file":"Justina-Petrone-768x1152.jpg","width":768,"height":1152,"mime-type":"image\/jpeg","filesize":52518,"url":"https:\/\/petrone.lt\/wp-content\/uploads\/Justina-Petrone-768x1152.jpg"},"1536x1536":{"file":"Justina-Petrone-1024x1536.jpg","width":1024,"height":1536,"mime-type":"image\/jpeg","filesize":62515,"url":"https:\/\/petrone.lt\/wp-content\/uploads\/Justina-Petrone-1024x1536.jpg"},"trp-custom-language-flag":{"file":"Justina-Petrone-8x12.jpg","width":8,"height":12,"mime-type":"image\/jpeg","filesize":16702,"url":"https:\/\/petrone.lt\/wp-content\/uploads\/Justina-Petrone-8x12.jpg"}},"image_meta":{"aperture":"1.8","credit":"Agne Kairiene Photography","camera":"Canon EOS 90D","caption":"","created_timestamp":"1701086367","copyright":"\u00a9 2023 Agne Kairiene Photography, all rights reserved.","focal_length":"50","iso":"800","shutter_speed":"0.005","title":"JUSTINOS FOTOSESIJA","orientation":"1","keywords":[]},"ID":"593","name":"Justina-Petrone.jpg","path":"\/home\/petronelt\/domains\/petrone.lt\/public_html\/wp-content\/uploads\/Justina-Petrone.jpg","url":"https:\/\/petrone.lt\/wp-content\/uploads\/Justina-Petrone-150x150.jpg","full_url":"https:\/\/petrone.lt\/wp-content\/uploads\/Justina-Petrone.jpg","title":"Justina Petron\u0117","caption":"","description":"","alt":"Justina Petron\u0117 - psicholog\u0117 ir ge\u0161taltin\u0117s krypties psichoterapeut\u0117","srcset":false}},"_links":{"self":[{"href":"https:\/\/petrone.lt\/en\/wp-json\/wp\/v2\/pages\/98"}],"collection":[{"href":"https:\/\/petrone.lt\/en\/wp-json\/wp\/v2\/pages"}],"about":[{"href":"https:\/\/petrone.lt\/en\/wp-json\/wp\/v2\/types\/page"}],"author":[{"embeddable":true,"href":"https:\/\/petrone.lt\/en\/wp-json\/wp\/v2\/users\/1"}],"replies":[{"embeddable":true,"href":"https:\/\/petrone.lt\/en\/wp-json\/wp\/v2\/comments?post=98"}],"version-history":[{"count":10,"href":"https:\/\/petrone.lt\/en\/wp-json\/wp\/v2\/pages\/98\/revisions"}],"predecessor-version":[{"id":566,"href":"https:\/\/petrone.lt\/en\/wp-json\/wp\/v2\/pages\/98\/revisions\/566"}],"wp:attachment":[{"href":"https:\/\/petrone.lt\/en\/wp-json\/wp\/v2\/media?parent=98"}],"curies":[{"name":"wp","href":"https:\/\/api.w.org\/{rel}","templated":true}]}}