{"id":629,"date":"2024-09-27T12:21:05","date_gmt":"2024-09-27T09:21:05","guid":{"rendered":"https:\/\/petrone.lt\/?page_id=629"},"modified":"2024-12-14T23:18:15","modified_gmt":"2024-12-14T21:18:15","slug":"kaip-as-dirbu","status":"publish","type":"page","link":"https:\/\/petrone.lt\/en\/kaip-as-dirbu\/","title":{"rendered":"Kaip a\u0161 dirbu"},"content":{"rendered":"<h3><span style=\"font-weight: 400;\">\u010cia pasidalinsiu keletu esmini\u0173 princip\u0173, kuriais vadovaujuosi kaskart susitikusi su \u017emogumi:<\/span><\/h3>\n<p><b>Sukurti santyk\u012f<\/b><\/p>\n<p><span style=\"font-weight: 400;\">Psichoterapija vyksta per abipus\u012f pokalb\u012f, kuriame esu visi\u0161kai \u012fsitraukusi. A\u0161 esu pasiruo\u0161usi i\u0161girsti J\u016bs\u0173 istorij\u0105, suprasti patirtis. Stengiuosi netur\u0117ti i\u0161ankstini\u0173 nuostat\u0173 ar vertinim\u0173, su manimi bendraudami galite b\u016bti visi\u0161kai atviri, nes tai svarbi terapijos dalis. Kiekvieno \u017emogaus istorija man nauja ir unikali, drauge galime j\u0105 tyrin\u0117ti ir ie\u0161koti b\u016btent Jums geriausi\u0173 sprendim\u0173 ir krypties.<\/span><\/p>\n<p><b>Tyrin\u0117ti ir pa\u017einti<\/b><\/p>\n<p><span style=\"font-weight: 400;\">Daugiausia kalb\u0117sime apie tai, k\u0105 i\u0161gyvenate \u0161iuo metu, kokius resursus turite \u012fveikti i\u0161\u0161\u016bkius, kuriuos patiriate; kaip to i\u0161mokote ir ko \u0161iuo metu Jums reikia, kad gal\u0117tum\u0117te sveikti bei augti. Mano po\u017ei\u016briu, pokytis nevyksta \u012ftikin\u0117jant, save prievartaujant arba klausantis interpretacij\u0173. Pokytis vyksta tuomet, kai savo laik\u0105 ir energij\u0105 paskiriate pilnai pa\u017einti ir \u012fsis\u0105moninti savo dabartin\u0119 situacij\u0105. Terapijoje atsispiriu nuo to, kas J\u016bs esate ir b\u016btent J\u016bs\u0173 esm\u0119 siekiame atskleisti bei i\u0161pildyti.<\/span><\/p>\n<p><b>Pabandyti kitaip nei \u012fprasta<\/b><\/p>\n<p><span style=\"font-weight: 400;\">Sakoma, kad ne\u012fmanoma darant t\u0105 pat\u012f pasiekti skirting\u0105 rezultat\u0105. Psichoterapija \u2013 tai vieta, kurioje \u012f save ar savo situacij\u0105 bei santyk\u012f su kitu \u017emogumi, kvie\u010diu pa\u017evelgti kitaip, ie\u0161koti kitokio veikimo b\u016bdo. Tai darysime J\u016bs\u0173 tempu, kai b\u016bsite tam pasiruo\u0161\u0119, nes tai, kas nauja, da\u017enai atrodo rizikinga. J\u016bs geriausiai i\u0161manote savo gyvenim\u0105, tad man svarbu, ne mokyti, o bendradarbiauti, kartu ie\u0161kant Jums geriausio pasirinkimo bei b\u016bdo jam \u012fgyvendinti.<\/span><\/p>\n<p><b>Dirbti nuosekliai ir kantriai<\/b><\/p>\n<p><span style=\"font-weight: 400;\">Poky\u010diai ne\u012fvyksta i\u0161 karto \u2013 tai nuoseklus procesas, reikalaujantis kantryb\u0117s ir atsidavimo. Kartu mes dirbsime nuosekliai, \u017eingsnis po \u017eingsnio, kad pasiektume ilgalaikius ir prasmingus poky\u010dius.<\/span><\/p>\n<p><span style=\"font-weight: 400;\">\u0160ie keturi principai \u2013 santykio k\u016brimas, pa\u017einimas bei tyrin\u0117jimas, nauj\u0173 galimybi\u0173 atradimas, nuoseklus ir kantrus darbas \u2013 sudaro mano psichoterapinio darbo pagrind\u0105, siekiant pad\u0117ti Jums atrasti savo b\u016bd\u0105 augti ir kurti prasmingus poky\u010dius.\u00a0<\/span><\/p>","protected":false},"excerpt":{"rendered":"<p>\u010cia pasidalinsiu keletu esmini\u0173 princip\u0173, kuriais vadovaujuosi kaskart susitikusi su \u017emogumi: Sukurti santyk\u012f Psichoterapija vyksta per abipus\u012f pokalb\u012f, kuriame esu [&hellip;]<\/p>","protected":false},"author":4,"featured_media":661,"parent":0,"menu_order":0,"comment_status":"closed","ping_status":"closed","template":"","meta":{"_acf_changed":false,"footnotes":""},"class_list":["post-629","page","type-page","status-publish","has-post-thumbnail","hentry"],"acf":[],"meta_box":{"pa_title_1":"","pa_title_2":"","ko_title":"","ko_subtitle":"","ko_image":false,"ti_title_1":"","ti_subtitle_1":"","ti_button_1_text":"","ti_button_1_link":"","ti_title_2":"","ti_subtitle_2":"","ti_title_3":"","ti_subtitle_3":"","ti_lede_3":"","ti_image_3_left":false,"ti_title_3_left":"","ti_lede_3_left":"","ti_button_3_text_left":"","ti_button_3_link_left":"","ti_image_3_right":false,"ti_title_3_right":"","ti_lede_3_right":"","ti_button_3_text":"","ti_button_3_link":"","ti_title_4":"","ti_subtitle_4":"","ti_link_4_text":"","ti_link_4_link":"","ap_text":"","ap_image":false},"_links":{"self":[{"href":"https:\/\/petrone.lt\/en\/wp-json\/wp\/v2\/pages\/629"}],"collection":[{"href":"https:\/\/petrone.lt\/en\/wp-json\/wp\/v2\/pages"}],"about":[{"href":"https:\/\/petrone.lt\/en\/wp-json\/wp\/v2\/types\/page"}],"author":[{"embeddable":true,"href":"https:\/\/petrone.lt\/en\/wp-json\/wp\/v2\/users\/4"}],"replies":[{"embeddable":true,"href":"https:\/\/petrone.lt\/en\/wp-json\/wp\/v2\/comments?post=629"}],"version-history":[{"count":2,"href":"https:\/\/petrone.lt\/en\/wp-json\/wp\/v2\/pages\/629\/revisions"}],"predecessor-version":[{"id":633,"href":"https:\/\/petrone.lt\/en\/wp-json\/wp\/v2\/pages\/629\/revisions\/633"}],"wp:featuredmedia":[{"embeddable":true,"href":"https:\/\/petrone.lt\/en\/wp-json\/wp\/v2\/media\/661"}],"wp:attachment":[{"href":"https:\/\/petrone.lt\/en\/wp-json\/wp\/v2\/media?parent=629"}],"curies":[{"name":"wp","href":"https:\/\/api.w.org\/{rel}","templated":true}]}}