{"id":15,"date":"2023-07-31T14:30:45","date_gmt":"2023-07-31T11:30:45","guid":{"rendered":"https:\/\/petrone.lt\/?page_id=15"},"modified":"2025-02-07T18:32:46","modified_gmt":"2025-02-07T16:32:46","slug":"titulinis","status":"publish","type":"page","link":"https:\/\/petrone.lt\/en\/","title":{"rendered":"Titulinis"},"content":{"rendered":"","protected":false},"excerpt":{"rendered":"","protected":false},"author":1,"featured_media":0,"parent":0,"menu_order":0,"comment_status":"closed","ping_status":"closed","template":"","meta":{"_acf_changed":false,"footnotes":""},"class_list":["post-15","page","type-page","status-publish","hentry"],"acf":[],"meta_box":{"pa_title_1":"","pa_title_2":"","ko_title":"","ko_subtitle":"","ko_image":false,"ti_title_1":"Psichoterapija: pa\u017einti save, gyventi pilniau ir bendrauti laisviau.","ti_subtitle_1":"Kvie\u010diu kreiptis asmeninei psichoterapijai, poros psichoterapijai arba dalyvauti psichoterapin\u0117je grup\u0117je.","ti_button_1_text":"Pasikalb\u0117kime","ti_button_1_link":"kontaktai","ti_title_2":"Kuo galiu b\u016bti tau naudinga?","ti_subtitle_2":"Psichoterapijos galimyb\u0117s","ti_title_3":"\u010cia pasidalinsiu keletu esmini\u0173 princip\u0173, kuriais vadovaujuosi kaskart susitikusi su \u017emogumi","ti_subtitle_3":"Kaip a\u0161 dirbu","ti_lede_3":"","ti_image_3_left":{"width":150,"height":150,"file":"18-JUSTINOS-FOTOSESIJA-e1738946273321.jpg","filesize":483994,"sizes":{"medium":{"file":"18-JUSTINOS-FOTOSESIJA-e1738946273321-960x732.jpg","width":960,"height":732,"mime-type":"image\/jpeg","filesize":109790,"url":"https:\/\/petrone.lt\/wp-content\/uploads\/18-JUSTINOS-FOTOSESIJA-e1738946273321-960x732.jpg"},"thumbnail":{"file":"18-JUSTINOS-FOTOSESIJA-e1738946273321-150x150.jpg","width":150,"height":150,"mime-type":"image\/jpeg","filesize":20696,"url":"https:\/\/petrone.lt\/wp-content\/uploads\/18-JUSTINOS-FOTOSESIJA-e1738946273321-150x150.jpg"},"medium_large":{"file":"18-JUSTINOS-FOTOSESIJA-e1738946273321-768x586.jpg","width":768,"height":586,"mime-type":"image\/jpeg","filesize":75252,"url":"https:\/\/petrone.lt\/wp-content\/uploads\/18-JUSTINOS-FOTOSESIJA-e1738946273321-768x586.jpg"},"1536x1536":{"file":"18-JUSTINOS-FOTOSESIJA-1024x1536.jpg","width":1024,"height":1536,"mime-type":"image\/jpeg","filesize":224664,"url":"https:\/\/petrone.lt\/wp-content\/uploads\/18-JUSTINOS-FOTOSESIJA-1024x1536.jpg"},"trp-custom-language-flag":{"file":"18-JUSTINOS-FOTOSESIJA-e1738946273321-16x12.jpg","width":16,"height":12,"mime-type":"image\/jpeg","filesize":16224,"url":"https:\/\/petrone.lt\/wp-content\/uploads\/18-JUSTINOS-FOTOSESIJA-e1738946273321-16x12.jpg"}},"image_meta":{"aperture":"4","credit":"Agne Kairiene Photography","camera":"Canon EOS 90D","caption":"","created_timestamp":"1701085922","copyright":"\u00a9 2023 Agne Kairiene Photography, all rights reserved.","focal_length":"50","iso":"640","shutter_speed":"0.005","title":"JUSTINOS FOTOSESIJA","orientation":"1","keywords":[]},"ID":"661","name":"18-JUSTINOS-FOTOSESIJA-e1738946273321.jpg","path":"\/home\/petronelt\/domains\/petrone.lt\/public_html\/wp-content\/uploads\/18-JUSTINOS-FOTOSESIJA-e1738946273321.jpg","url":"https:\/\/petrone.lt\/wp-content\/uploads\/18-JUSTINOS-FOTOSESIJA-e1738946273321-150x150.jpg","full_url":"https:\/\/petrone.lt\/wp-content\/uploads\/18-JUSTINOS-FOTOSESIJA-e1738946273321.jpg","title":"JUSTINOS FOTOSESIJA","caption":"","description":"","alt":"","srcset":false},"ti_title_3_left":"","ti_lede_3_left":"","ti_button_3_text_left":"Daugiau","ti_button_3_link_left":"kaip-as-dirbu","ti_image_3_right":false,"ti_title_3_right":"","ti_lede_3_right":"","ti_button_3_text":"Daugiau","ti_button_3_link":"","ti_title_4":"(Pa)M\u0105stymai","ti_subtitle_4":"Mano","ti_link_4_text":"Visi straipsniai","ti_link_4_link":"pamastymai","ap_text":"","ap_image":false},"_links":{"self":[{"href":"https:\/\/petrone.lt\/en\/wp-json\/wp\/v2\/pages\/15"}],"collection":[{"href":"https:\/\/petrone.lt\/en\/wp-json\/wp\/v2\/pages"}],"about":[{"href":"https:\/\/petrone.lt\/en\/wp-json\/wp\/v2\/types\/page"}],"author":[{"embeddable":true,"href":"https:\/\/petrone.lt\/en\/wp-json\/wp\/v2\/users\/1"}],"replies":[{"embeddable":true,"href":"https:\/\/petrone.lt\/en\/wp-json\/wp\/v2\/comments?post=15"}],"version-history":[{"count":79,"href":"https:\/\/petrone.lt\/en\/wp-json\/wp\/v2\/pages\/15\/revisions"}],"predecessor-version":[{"id":641,"href":"https:\/\/petrone.lt\/en\/wp-json\/wp\/v2\/pages\/15\/revisions\/641"}],"wp:attachment":[{"href":"https:\/\/petrone.lt\/en\/wp-json\/wp\/v2\/media?parent=15"}],"curies":[{"name":"wp","href":"https:\/\/api.w.org\/{rel}","templated":true}]}}